{"id":11,"date":"2017-09-04T14:59:23","date_gmt":"2017-09-04T12:59:23","guid":{"rendered":"http:\/\/rhv-trumerseen.at\/?page_id=11"},"modified":"2024-06-19T11:26:26","modified_gmt":"2024-06-19T09:26:26","slug":"mitglieder","status":"publish","type":"page","link":"https:\/\/rhv-trumerseen.at\/?page_id=11","title":{"rendered":"Mitglieder"},"content":{"rendered":"<p>Die Vertreter der Mitgliedsgemeinden beim<\/p>\n<p>Reinhaltungsverband Trumerseen<\/p>\n<table>\n<tbody>\n<tr>\n<td>\n<p style=\"text-align: center;\"><img loading=\"lazy\" decoding=\"async\" class=\"wp-image-934 aligncenter\" src=\"https:\/\/rhv-trumerseen.at\/wp-content\/uploads\/2024\/06\/Vbgm-Stefan-Reichl-150x150.jpg\" alt=\"\" width=\"177\" height=\"236\" srcset=\"https:\/\/rhv-trumerseen.at\/wp-content\/uploads\/2024\/06\/Vbgm-Stefan-Reichl-225x300.jpg 225w, https:\/\/rhv-trumerseen.at\/wp-content\/uploads\/2024\/06\/Vbgm-Stefan-Reichl-768x1024.jpg 768w, https:\/\/rhv-trumerseen.at\/wp-content\/uploads\/2024\/06\/Vbgm-Stefan-Reichl-1152x1536.jpg 1152w, https:\/\/rhv-trumerseen.at\/wp-content\/uploads\/2024\/06\/Vbgm-Stefan-Reichl-1536x2048.jpg 1536w, https:\/\/rhv-trumerseen.at\/wp-content\/uploads\/2024\/06\/Vbgm-Stefan-Reichl-scaled.jpg 1920w\" sizes=\"auto, (max-width: 177px) 100vw, 177px\" \/><\/p>\n<p style=\"text-align: center;\"><strong>Gemeinde Berndorf<\/strong><\/p>\n<p style=\"text-align: center;\">Vizeb\u00fcrgermeister<\/p>\n<p style=\"text-align: center;\">Stefan<\/p>\n<p style=\"text-align: center;\">Reichl<\/p>\n<\/td>\n<td style=\"text-align: center;\"><img loading=\"lazy\" decoding=\"async\" class=\"aligncenter wp-image-887\" src=\"https:\/\/rhv-trumerseen.at\/wp-content\/uploads\/2024\/02\/Eidenhammer-Robert.webp\" alt=\"\" width=\"177\" height=\"235\" \/><\/p>\n<p><strong>Gemeinde Perwang<\/strong><\/p>\n<p style=\"text-align: center;\">Vizeb\u00fcrgermeister<\/p>\n<p style=\"text-align: center;\">Robert<\/p>\n<p style=\"text-align: center;\">Eidenhammer<\/p>\n<\/td>\n<td>\n<p style=\"text-align: center;\"><img loading=\"lazy\" decoding=\"async\" class=\"wp-image-374 aligncenter\" src=\"https:\/\/rhv-trumerseen.at\/wp-content\/uploads\/2017\/09\/team3_200x300.jpg\" alt=\"\" width=\"161\" height=\"242\" \/><\/p>\n<p style=\"text-align: center;\"><strong>Marktgemeinde<\/strong><\/p>\n<p style=\"text-align: center;\"><strong>Obertrum am See<\/strong><\/p>\n<p style=\"text-align: center;\">B\u00fcrgermeister<\/p>\n<p style=\"text-align: center;\">Ing. Simon Wallner<\/p>\n<\/td>\n<\/tr>\n<tr>\n<td>\n<p style=\"text-align: center;\"><img loading=\"lazy\" decoding=\"async\" class=\"aligncenter wp-image-938 \" src=\"https:\/\/rhv-trumerseen.at\/wp-content\/uploads\/2024\/06\/Michael-Schwarzmayr-150x150.jpg\" alt=\"\" width=\"198\" height=\"198\" \/><\/p>\n<p style=\"text-align: center;\"><strong>Marktgemeinde<\/strong><\/p>\n<p style=\"text-align: center;\"><strong>Mattsee<\/strong><\/p>\n<p style=\"text-align: center;\">B\u00fcrgermeister<\/p>\n<p style=\"text-align: center;\">Michael Schwarzmayr<\/p>\n<\/td>\n<td>\n<p style=\"text-align: center;\"><img loading=\"lazy\" decoding=\"async\" class=\"aligncenter wp-image-949\" src=\"https:\/\/rhv-trumerseen.at\/wp-content\/uploads\/2024\/06\/Christian-Altendorfer-150x150.jpg\" alt=\"\" width=\"181\" height=\"241\" srcset=\"https:\/\/rhv-trumerseen.at\/wp-content\/uploads\/2024\/06\/Christian-Altendorfer-225x300.jpg 225w, https:\/\/rhv-trumerseen.at\/wp-content\/uploads\/2024\/06\/Christian-Altendorfer-768x1024.jpg 768w, https:\/\/rhv-trumerseen.at\/wp-content\/uploads\/2024\/06\/Christian-Altendorfer.jpg 960w\" sizes=\"auto, (max-width: 181px) 100vw, 181px\" \/>\u00a0<strong>Gemeinde<\/strong><\/p>\n<p style=\"text-align: center;\"><strong>Seeham<\/strong><\/p>\n<p style=\"text-align: center;\">B\u00fcrgermeister<\/p>\n<p style=\"text-align: center;\">Christian Altendorfer<\/p>\n<\/td>\n<td>\n<p style=\"text-align: center;\"><img loading=\"lazy\" decoding=\"async\" class=\"aligncenter wp-image-945\" src=\"https:\/\/rhv-trumerseen.at\/wp-content\/uploads\/2024\/06\/Gerhard-Leiner-150x150.jpg\" alt=\"\" width=\"165\" height=\"248\" srcset=\"https:\/\/rhv-trumerseen.at\/wp-content\/uploads\/2024\/06\/Gerhard-Leiner-200x300.jpg 200w, https:\/\/rhv-trumerseen.at\/wp-content\/uploads\/2024\/06\/Gerhard-Leiner-683x1024.jpg 683w, https:\/\/rhv-trumerseen.at\/wp-content\/uploads\/2024\/06\/Gerhard-Leiner-768x1152.jpg 768w, https:\/\/rhv-trumerseen.at\/wp-content\/uploads\/2024\/06\/Gerhard-Leiner-1024x1536.jpg 1024w, https:\/\/rhv-trumerseen.at\/wp-content\/uploads\/2024\/06\/Gerhard-Leiner-1366x2048.jpg 1366w, https:\/\/rhv-trumerseen.at\/wp-content\/uploads\/2024\/06\/Gerhard-Leiner-scaled.jpg 1707w\" sizes=\"auto, (max-width: 165px) 100vw, 165px\" \/>\u00a0<strong>Stadtgemeinde<\/strong><\/p>\n<p style=\"text-align: center;\"><strong>Seekirchen<\/strong><\/p>\n<p style=\"text-align: center;\">Gemeindevertreter<\/p>\n<p style=\"text-align: center;\">Gerhard Leiner<\/p>\n<\/td>\n<\/tr>\n<\/tbody>\n<\/table>\n","protected":false},"excerpt":{"rendered":"<p>Die Vertreter der Mitgliedsgemeinden beim Reinhaltungsverband Trumerseen Gemeinde Berndorf Vizeb\u00fcrgermeister Stefan Reichl Gemeinde Perwang Vizeb\u00fcrgermeister Robert Eidenhammer Marktgemeinde Obertrum am See B\u00fcrgermeister Ing. Simon Wallner Marktgemeinde Mattsee B\u00fcrgermeister Michael Schwarzmayr \u00a0Gemeinde Seeham B\u00fcrgermeister Christian Altendorfer \u00a0Stadtgemeinde Seekirchen Gemeindevertreter Gerhard Leiner<\/p>\n","protected":false},"author":1,"featured_media":0,"parent":0,"menu_order":0,"comment_status":"closed","ping_status":"closed","template":"","meta":{"footnotes":""},"class_list":["post-11","page","type-page","status-publish","hentry"],"_links":{"self":[{"href":"https:\/\/rhv-trumerseen.at\/index.php?rest_route=\/wp\/v2\/pages\/11","targetHints":{"allow":["GET"]}}],"collection":[{"href":"https:\/\/rhv-trumerseen.at\/index.php?rest_route=\/wp\/v2\/pages"}],"about":[{"href":"https:\/\/rhv-trumerseen.at\/index.php?rest_route=\/wp\/v2\/types\/page"}],"author":[{"embeddable":true,"href":"https:\/\/rhv-trumerseen.at\/index.php?rest_route=\/wp\/v2\/users\/1"}],"replies":[{"embeddable":true,"href":"https:\/\/rhv-trumerseen.at\/index.php?rest_route=%2Fwp%2Fv2%2Fcomments&post=11"}],"version-history":[{"count":89,"href":"https:\/\/rhv-trumerseen.at\/index.php?rest_route=\/wp\/v2\/pages\/11\/revisions"}],"predecessor-version":[{"id":966,"href":"https:\/\/rhv-trumerseen.at\/index.php?rest_route=\/wp\/v2\/pages\/11\/revisions\/966"}],"wp:attachment":[{"href":"https:\/\/rhv-trumerseen.at\/index.php?rest_route=%2Fwp%2Fv2%2Fmedia&parent=11"}],"curies":[{"name":"wp","href":"https:\/\/api.w.org\/{rel}","templated":true}]}}