{"id":123,"date":"2017-09-04T16:34:26","date_gmt":"2017-09-04T14:34:26","guid":{"rendered":"http:\/\/rhv-trumerseen.at\/?page_id=123"},"modified":"2026-01-05T07:26:21","modified_gmt":"2026-01-05T06:26:21","slug":"uebernahme-von-senkgruben","status":"publish","type":"page","link":"https:\/\/rhv-trumerseen.at\/?page_id=123","title":{"rendered":"\u00dcbernahme von Senkgruben"},"content":{"rendered":"<p class=\"textbanner\"><strong>F\u00e4kalannahme<\/strong><\/p>\n<p>Anlieferung von:<\/p>\n<ul>\n<li>Inhalte aus Fettabscheidern,<\/li>\n<li>Kl\u00e4rschl\u00e4mme von Kleinkl\u00e4ranlagen und Senkgruben<\/li>\n<li>Abwasser aus Senkgruben<\/li>\n<li>Maische<\/li>\n<\/ul>\n<p>Derzeit k\u00f6nnen die Abw\u00e4sser von Senkgruben von Montag bis Donnerstag von 7 Uhr bis 17 Uhr und Freitag von 7 Uhr bis 12 Uhr auf der Kl\u00e4ranlage angeliefert werden. F\u00fcr die Anlieferung von Schlamm und Fett ist immer eine telefonische Voranmeldung erforderlich. Als Aufwandskosten werden verrechnet:<\/p>\n<p align=\"center\"><strong><span style=\"font-size: large;\"><u>Ab 01.01.2026 gelten neue F\u00e4kalannahmetarife<\/u><\/span><\/strong><\/p>\n<table>\n<tbody>\n<tr>\n<td><strong><u>H\u00e4usliches Abwasser<\/u><\/strong><\/td>\n<td>per m\u00b3 netto<\/td>\n<td style=\"text-align: right;\">4,91\u20ac<\/td>\n<\/tr>\n<tr>\n<td><\/td>\n<td>+ 10% MwSt.<\/td>\n<td style=\"text-align: right;\">0,49\u20ac<\/td>\n<\/tr>\n<tr>\n<td><\/td>\n<td>Gesamt<\/td>\n<td style=\"text-align: right;\"><strong>5,40\u20ac<\/strong><\/td>\n<\/tr>\n<tr>\n<td><\/td>\n<td><\/td>\n<td><\/td>\n<\/tr>\n<tr>\n<td><strong><u>Fette<\/u><\/strong><\/td>\n<td>per m\u00b3 netto<\/td>\n<td style=\"text-align: right;\">20,00\u20ac<\/td>\n<\/tr>\n<tr>\n<td><\/td>\n<td>+ 10% MwSt.<\/td>\n<td style=\"text-align: right;\">2,00\u20ac<\/td>\n<\/tr>\n<tr>\n<td><\/td>\n<td>Gesamt<\/td>\n<td style=\"text-align: right;\"><strong>22,00\u20ac<\/strong><\/td>\n<\/tr>\n<tr>\n<td><\/td>\n<td><\/td>\n<td><\/td>\n<\/tr>\n<tr>\n<td><strong><u>Schl\u00e4mme<\/u><\/strong><\/td>\n<td>per m\u00b3 netto<\/td>\n<td style=\"text-align: right;\">37,00\u20ac<\/td>\n<\/tr>\n<tr>\n<td><\/td>\n<td>+ 10% MwSt.<\/td>\n<td style=\"text-align: right;\">3,70\u20ac<\/td>\n<\/tr>\n<tr>\n<td><\/td>\n<td>Gesamt<\/td>\n<td style=\"text-align: right;\"><strong>40,70\u20ac<\/strong><\/td>\n<\/tr>\n<tr>\n<td><\/td>\n<td><\/td>\n<td><\/td>\n<\/tr>\n<tr>\n<td><strong><u>Maische<\/u><\/strong><\/td>\n<td>per m\u00b3 netto<\/td>\n<td style=\"text-align: right;\">12,00\u20ac<\/td>\n<\/tr>\n<tr>\n<td><\/td>\n<td>+ 10% MwSt.<\/td>\n<td style=\"text-align: right;\">1,20\u20ac<\/td>\n<\/tr>\n<tr>\n<td><\/td>\n<td>Gesamt<\/td>\n<td style=\"text-align: right;\"><strong>13,20\u20ac<\/strong><\/td>\n<\/tr>\n<tr>\n<td><\/td>\n<td><\/td>\n<td><\/td>\n<\/tr>\n<\/tbody>\n<\/table>\n<p align=\"center\"><span style=\"font-size: x-large;\">ACHTUNG<\/span><\/p>\n<p align=\"center\"><span style=\"font-size: medium;\">Schlamm aus Pflanzen- und Hauskl\u00e4ranlagen wird<\/span><span style=\"font-size: medium;\"> nur mehr zum Schlammpreis \u00fcbernommen <\/span><span style=\"font-size: medium;\">(\u20ac 40,70\/m\u00b3 inkl. 10% MwSt.).<\/span><\/p>\n","protected":false},"excerpt":{"rendered":"<p>F\u00e4kalannahme Anlieferung von: Inhalte aus Fettabscheidern, Kl\u00e4rschl\u00e4mme von Kleinkl\u00e4ranlagen und Senkgruben Abwasser aus Senkgruben Maische Derzeit k\u00f6nnen die Abw\u00e4sser von Senkgruben von Montag bis Donnerstag von 7 Uhr bis 17 Uhr und Freitag von 7 Uhr bis 12 Uhr auf der Kl\u00e4ranlage angeliefert werden. F\u00fcr die Anlieferung von Schlamm und Fett ist immer eine telefonische &hellip; <a href=\"https:\/\/rhv-trumerseen.at\/?page_id=123\" class=\"more-link\"><span class=\"screen-reader-text\">\u00dcbernahme von Senkgruben<\/span> weiterlesen<\/a><\/p>\n","protected":false},"author":1,"featured_media":0,"parent":0,"menu_order":9,"comment_status":"closed","ping_status":"closed","template":"","meta":{"footnotes":""},"class_list":["post-123","page","type-page","status-publish","hentry"],"_links":{"self":[{"href":"https:\/\/rhv-trumerseen.at\/index.php?rest_route=\/wp\/v2\/pages\/123","targetHints":{"allow":["GET"]}}],"collection":[{"href":"https:\/\/rhv-trumerseen.at\/index.php?rest_route=\/wp\/v2\/pages"}],"about":[{"href":"https:\/\/rhv-trumerseen.at\/index.php?rest_route=\/wp\/v2\/types\/page"}],"author":[{"embeddable":true,"href":"https:\/\/rhv-trumerseen.at\/index.php?rest_route=\/wp\/v2\/users\/1"}],"replies":[{"embeddable":true,"href":"https:\/\/rhv-trumerseen.at\/index.php?rest_route=%2Fwp%2Fv2%2Fcomments&post=123"}],"version-history":[{"count":23,"href":"https:\/\/rhv-trumerseen.at\/index.php?rest_route=\/wp\/v2\/pages\/123\/revisions"}],"predecessor-version":[{"id":1051,"href":"https:\/\/rhv-trumerseen.at\/index.php?rest_route=\/wp\/v2\/pages\/123\/revisions\/1051"}],"wp:attachment":[{"href":"https:\/\/rhv-trumerseen.at\/index.php?rest_route=%2Fwp%2Fv2%2Fmedia&parent=123"}],"curies":[{"name":"wp","href":"https:\/\/api.w.org\/{rel}","templated":true}]}}