{"id":125,"date":"2017-09-04T16:34:59","date_gmt":"2017-09-04T14:34:59","guid":{"rendered":"http:\/\/rhv-trumerseen.at\/?page_id=125"},"modified":"2020-10-07T12:18:40","modified_gmt":"2020-10-07T10:18:40","slug":"wasserqualitaet","status":"publish","type":"page","link":"https:\/\/rhv-trumerseen.at\/?page_id=125","title":{"rendered":"Wasserqualit\u00e4t"},"content":{"rendered":"<p align=\"justify\"><strong><em><u><span style=\"font-size: large;\">Beachtenswerte Verbesserung der Wasserg\u00fcte<\/span><br \/>\n<\/u><\/em><\/strong><br \/>\nMit der Fertigstellung der neuen Kl\u00e4ranlage wurde ein zukunftsorientiertes Vorhaben des RHV Trumerseen zum Abschluss gebracht. Der Gew\u00e4sserschutz, die Sicherstellung der Wasserqualit\u00e4t unserer Seen, welche das Kapital unserer Landschaft bilden, hat dadurch eine wesentliche Optimierung erfahren.<\/p>\n<p>Die hohen Investitionskosten nicht nur f\u00fcr die Kl\u00e4ranlage, sondern f\u00fcr die gesamten Kanalprojekte im Trumerseen-Bereich haben \u2013 wie aus den folgenden Graphiken \u00fcber die Verbesserung der Wasserqualit\u00e4t der Trumerseen zu erkennen ist, &#8211; beachtenswerte Erfolge in der Verbesserung der Wasserg\u00fcte ergeben.<\/p>\n<p>Die Obsorge um unseren Naturraum Wasser ist mit dem Neubau der Kl\u00e4ranlage und der hohen Dichte an Kanalanlagen nicht abgeschlossen. Durch st\u00e4ndige Kontrolle, Wartung und notwendige Erneuerung der Anlagenteile soll sichergestellt sein, dass unsere Seen und B\u00e4che ihre Wasserqualit\u00e4t bewahren und auch nachfolgende Generationen einen hochwertigen \u201eNaturraum Wasser\u201c vorfinden.<br \/>\nDies kann und darf aber nicht nur die Aufgabe der Institution Reinhaltungsverband sein. Ein jeder hat daf\u00fcr mit Sorge zu tragen, dass unser Lebensraum lebenswert bleibt.<\/p>\n<p>&nbsp;<\/p>\n<p>Diese Daten und Kurven wurden dankenswerterweise vom &#8222;Amt der Salzburger Landesregierung, Abteilung Gew\u00e4sseraufsicht zur Verf\u00fcgung gestellt.<\/p>\n<p>Link Gew\u00e4sseraufsicht:<\/p>\n<p><a href=\"https:\/\/www.salzburg.gv.at\/themen\/wasser\/fluesse-seen\/see\/grsee\" target=\"_blank\" rel=\"noopener\">https:\/\/www.salzburg.gv.at\/themen\/wasser\/fluesse-seen\/see\/grsee<\/a><\/p>\n","protected":false},"excerpt":{"rendered":"<p>Beachtenswerte Verbesserung der Wasserg\u00fcte Mit der Fertigstellung der neuen Kl\u00e4ranlage wurde ein zukunftsorientiertes Vorhaben des RHV Trumerseen zum Abschluss gebracht. Der Gew\u00e4sserschutz, die Sicherstellung der Wasserqualit\u00e4t unserer Seen, welche das Kapital unserer Landschaft bilden, hat dadurch eine wesentliche Optimierung erfahren. Die hohen Investitionskosten nicht nur f\u00fcr die Kl\u00e4ranlage, sondern f\u00fcr die gesamten Kanalprojekte im Trumerseen-Bereich &hellip; <a href=\"https:\/\/rhv-trumerseen.at\/?page_id=125\" class=\"more-link\"><span class=\"screen-reader-text\">Wasserqualit\u00e4t<\/span> weiterlesen<\/a><\/p>\n","protected":false},"author":1,"featured_media":0,"parent":0,"menu_order":10,"comment_status":"closed","ping_status":"closed","template":"","meta":{"footnotes":""},"class_list":["post-125","page","type-page","status-publish","hentry"],"_links":{"self":[{"href":"https:\/\/rhv-trumerseen.at\/index.php?rest_route=\/wp\/v2\/pages\/125","targetHints":{"allow":["GET"]}}],"collection":[{"href":"https:\/\/rhv-trumerseen.at\/index.php?rest_route=\/wp\/v2\/pages"}],"about":[{"href":"https:\/\/rhv-trumerseen.at\/index.php?rest_route=\/wp\/v2\/types\/page"}],"author":[{"embeddable":true,"href":"https:\/\/rhv-trumerseen.at\/index.php?rest_route=\/wp\/v2\/users\/1"}],"replies":[{"embeddable":true,"href":"https:\/\/rhv-trumerseen.at\/index.php?rest_route=%2Fwp%2Fv2%2Fcomments&post=125"}],"version-history":[{"count":4,"href":"https:\/\/rhv-trumerseen.at\/index.php?rest_route=\/wp\/v2\/pages\/125\/revisions"}],"predecessor-version":[{"id":643,"href":"https:\/\/rhv-trumerseen.at\/index.php?rest_route=\/wp\/v2\/pages\/125\/revisions\/643"}],"wp:attachment":[{"href":"https:\/\/rhv-trumerseen.at\/index.php?rest_route=%2Fwp%2Fv2%2Fmedia&parent=125"}],"curies":[{"name":"wp","href":"https:\/\/api.w.org\/{rel}","templated":true}]}}