{"id":15,"date":"2017-09-04T15:07:13","date_gmt":"2017-09-04T13:07:13","guid":{"rendered":"http:\/\/rhv-trumerseen.at\/?page_id=15"},"modified":"2024-06-19T11:01:57","modified_gmt":"2024-06-19T09:01:57","slug":"vorstand","status":"publish","type":"page","link":"https:\/\/rhv-trumerseen.at\/?page_id=15","title":{"rendered":"Vorstand"},"content":{"rendered":"<p style=\"text-align: left;\"><span style=\"background-color: transparent;\">Der Vorstand des Reinhaltungsverbandes\u00a0Trumerseen<\/span><\/p>\n<table style=\"height: 1388px;\" width=\"756\">\n<tbody>\n<tr>\n<td><img loading=\"lazy\" decoding=\"async\" class=\"wp-image-250 aligncenter\" src=\"https:\/\/rhv-trumerseen.at\/wp-content\/uploads\/2017\/09\/Bernhard-Seidl-2009kleinzug.jpg\" alt=\"\" width=\"177\" height=\"201\" srcset=\"https:\/\/rhv-trumerseen.at\/wp-content\/uploads\/2017\/09\/Bernhard-Seidl-2009kleinzug.jpg 407w, https:\/\/rhv-trumerseen.at\/wp-content\/uploads\/2017\/09\/Bernhard-Seidl-2009kleinzug-264x300.jpg 264w\" sizes=\"auto, (max-width: 177px) 100vw, 177px\" \/><\/p>\n<p style=\"text-align: center;\"><strong>Obmann<\/strong><\/p>\n<p style=\"text-align: center;\">Vizeb\u00fcrger-<\/p>\n<p style=\"text-align: center;\">meister<\/p>\n<p style=\"text-align: center;\"><strong>Bernhard Seidl<\/strong><\/p>\n<p style=\"text-align: center;\">Marktgemeinde Obertrum<\/p>\n<\/td>\n<td><\/td>\n<td><img loading=\"lazy\" decoding=\"async\" class=\"aligncenter wp-image-783\" src=\"https:\/\/rhv-trumerseen.at\/wp-content\/uploads\/2017\/09\/Foto-Reinhard-Sulzberger.jpg\" alt=\"\" width=\"143\" height=\"191\" srcset=\"https:\/\/rhv-trumerseen.at\/wp-content\/uploads\/2017\/09\/Foto-Reinhard-Sulzberger.jpg 1350w, https:\/\/rhv-trumerseen.at\/wp-content\/uploads\/2017\/09\/Foto-Reinhard-Sulzberger-225x300.jpg 225w, https:\/\/rhv-trumerseen.at\/wp-content\/uploads\/2017\/09\/Foto-Reinhard-Sulzberger-768x1024.jpg 768w\" sizes=\"auto, (max-width: 143px) 100vw, 143px\" \/><\/p>\n<p style=\"text-align: center;\"><strong>Obmanns<\/strong><strong>tellvertreter<\/strong><\/p>\n<p style=\"text-align: center;\">B\u00fcrgermeister<\/p>\n<p style=\"text-align: center;\"><strong>Reinhard<\/strong><\/p>\n<p style=\"text-align: center;\"><strong>Sulzberger<\/strong><\/p>\n<p style=\"text-align: center;\">Gemeinde<\/p>\n<p style=\"text-align: center;\">Perwang<\/p>\n<\/td>\n<\/tr>\n<tr>\n<td>\n<p style=\"text-align: center;\"><img loading=\"lazy\" decoding=\"async\" class=\"alignnone wp-image-736 \" src=\"https:\/\/rhv-trumerseen.at\/wp-content\/uploads\/2017\/09\/Stemeseder.png\" alt=\"\" width=\"132\" height=\"198\" \/><br \/>\nB\u00fcrgermeister<\/p>\n<p style=\"text-align: center;\"><strong>Johann <\/strong><\/p>\n<p style=\"text-align: center;\"><strong>Stemeseder<\/strong><\/p>\n<p style=\"text-align: center;\">Gemeinde<\/p>\n<p style=\"text-align: center;\">Berndorf<\/p>\n<\/td>\n<td><\/td>\n<td>\n<p style=\"text-align: center;\"><img loading=\"lazy\" decoding=\"async\" class=\"alignnone wp-image-930 size-thumbnail\" src=\"https:\/\/rhv-trumerseen.at\/wp-content\/uploads\/2024\/06\/Vbgm.-Heigerer-Nicole-150x150.jpg\" alt=\"\" width=\"150\" height=\"150\" \/><br \/>\nVizeb\u00fcrger-<\/p>\n<p style=\"text-align: center;\">meisterin<\/p>\n<p style=\"text-align: center;\"><strong>Nicole<\/strong><\/p>\n<p style=\"text-align: center;\"><strong>Heigerer<\/strong><\/p>\n<p style=\"text-align: center;\">Marktgemeinde Mattsee<\/p>\n<\/td>\n<td><\/td>\n<\/tr>\n<tr>\n<td>\n<p style=\"text-align: center;\"><img loading=\"lazy\" decoding=\"async\" class=\"alignnone wp-image-737 size-full\" src=\"https:\/\/rhv-trumerseen.at\/wp-content\/uploads\/2017\/09\/Unseld.png\" alt=\"\" width=\"145\" height=\"200\" \/><br \/>\nGemeindevertreter<\/p>\n<p style=\"text-align: center;\"><strong>Rupert Unseld<\/strong><\/p>\n<p style=\"text-align: center;\">Gemeinde<\/p>\n<p style=\"text-align: center;\">Seeham<\/p>\n<\/td>\n<td><\/td>\n<td>\n<p style=\"text-align: center;\"><img loading=\"lazy\" decoding=\"async\" class=\"alignnone wp-image-254 \" src=\"https:\/\/rhv-trumerseen.at\/wp-content\/uploads\/2017\/09\/Hermann_St\u00f6llner_klein.jpg\" alt=\"\" width=\"148\" height=\"186\" srcset=\"https:\/\/rhv-trumerseen.at\/wp-content\/uploads\/2017\/09\/Hermann_St\u00f6llner_klein.jpg 335w, https:\/\/rhv-trumerseen.at\/wp-content\/uploads\/2017\/09\/Hermann_St\u00f6llner_klein-239x300.jpg 239w\" sizes=\"auto, (max-width: 148px) 100vw, 148px\" \/><br \/>\nGemeindevertreter<\/p>\n<p style=\"text-align: center;\"><strong>Hermann <\/strong><\/p>\n<p style=\"text-align: center;\"><strong>St\u00f6llner<\/strong><\/p>\n<p style=\"text-align: center;\">Stadtgemeinde Seekirchen<\/p>\n<\/td>\n<\/tr>\n<\/tbody>\n<\/table>\n","protected":false},"excerpt":{"rendered":"<p>Der Vorstand des Reinhaltungsverbandes\u00a0Trumerseen Obmann Vizeb\u00fcrger- meister Bernhard Seidl Marktgemeinde Obertrum Obmannstellvertreter B\u00fcrgermeister Reinhard Sulzberger Gemeinde Perwang B\u00fcrgermeister Johann Stemeseder Gemeinde Berndorf Vizeb\u00fcrger- meisterin Nicole Heigerer Marktgemeinde Mattsee Gemeindevertreter Rupert Unseld Gemeinde Seeham Gemeindevertreter Hermann St\u00f6llner Stadtgemeinde Seekirchen<\/p>\n","protected":false},"author":1,"featured_media":0,"parent":0,"menu_order":1,"comment_status":"closed","ping_status":"closed","template":"","meta":{"footnotes":""},"class_list":["post-15","page","type-page","status-publish","hentry"],"_links":{"self":[{"href":"https:\/\/rhv-trumerseen.at\/index.php?rest_route=\/wp\/v2\/pages\/15","targetHints":{"allow":["GET"]}}],"collection":[{"href":"https:\/\/rhv-trumerseen.at\/index.php?rest_route=\/wp\/v2\/pages"}],"about":[{"href":"https:\/\/rhv-trumerseen.at\/index.php?rest_route=\/wp\/v2\/types\/page"}],"author":[{"embeddable":true,"href":"https:\/\/rhv-trumerseen.at\/index.php?rest_route=\/wp\/v2\/users\/1"}],"replies":[{"embeddable":true,"href":"https:\/\/rhv-trumerseen.at\/index.php?rest_route=%2Fwp%2Fv2%2Fcomments&post=15"}],"version-history":[{"count":42,"href":"https:\/\/rhv-trumerseen.at\/index.php?rest_route=\/wp\/v2\/pages\/15\/revisions"}],"predecessor-version":[{"id":932,"href":"https:\/\/rhv-trumerseen.at\/index.php?rest_route=\/wp\/v2\/pages\/15\/revisions\/932"}],"wp:attachment":[{"href":"https:\/\/rhv-trumerseen.at\/index.php?rest_route=%2Fwp%2Fv2%2Fmedia&parent=15"}],"curies":[{"name":"wp","href":"https:\/\/api.w.org\/{rel}","templated":true}]}}