{"id":24,"date":"2017-09-04T15:17:24","date_gmt":"2017-09-04T13:17:24","guid":{"rendered":"http:\/\/rhv-trumerseen.at\/?page_id=24"},"modified":"2026-01-07T08:03:05","modified_gmt":"2026-01-07T07:03:05","slug":"tag-der-offenen-tuer","status":"publish","type":"page","link":"https:\/\/rhv-trumerseen.at\/?page_id=24","title":{"rendered":"Tag der offenen T\u00fcr"},"content":{"rendered":"<p>01.10.2010 Gesamte Bev\u00f6lkerung<\/p>\n<p><a href=\"https:\/\/rhv-trumerseen.at\/wp-content\/uploads\/2022\/05\/30.09.2009-Gemeindevertreter-der-Mitgliedsgemeinden.pdf\" target=\"_blank\" rel=\"noopener\">30.09.2009 Gemeindevertreter der Mitgliedsgemeinden<\/a><\/p>\n<p><a href=\"https:\/\/rhv-trumerseen.at\/wp-content\/uploads\/2022\/05\/17.10.2014-Gemeindevertreter-der-Mitgliedsgemeinden.pdf\" target=\"_blank\" rel=\"noopener\">17.10.2014 Gemeindevertreter der Mitgliedsgemeinden<\/a><\/p>\n<p><a href=\"https:\/\/rhv-trumerseen.at\/wp-content\/uploads\/2018\/11\/06.10.2018-50-Jahre-Reinhaltungsverband-Trumerseen-Festakt-und-Tag-der-offenen-T\u00fcr-f\u00fcr-die-gesamte-Bev\u00f6lkerung.pdf\" target=\"_blank\" rel=\"noopener\">06.10.2018 50 Jahre Reinhaltungsverband Trumerseen, Festakt und Tag der offenen T\u00fcr f\u00fcr die gesamte Bev\u00f6lkerung<\/a><\/p>\n\n\n<p>20.09.2024 Informationsnachmittag der Gemeindevertreter(innen)<\/p>\n\n\n\n<p><\/p>\n","protected":false},"excerpt":{"rendered":"<p>01.10.2010 Gesamte Bev\u00f6lkerung 30.09.2009 Gemeindevertreter der Mitgliedsgemeinden 17.10.2014 Gemeindevertreter der Mitgliedsgemeinden 06.10.2018 50 Jahre Reinhaltungsverband Trumerseen, Festakt und Tag der offenen T\u00fcr f\u00fcr die gesamte Bev\u00f6lkerung 20.09.2024 Informationsnachmittag der Gemeindevertreter(innen)<\/p>\n","protected":false},"author":1,"featured_media":0,"parent":0,"menu_order":2,"comment_status":"closed","ping_status":"closed","template":"","meta":{"footnotes":""},"class_list":["post-24","page","type-page","status-publish","hentry"],"_links":{"self":[{"href":"https:\/\/rhv-trumerseen.at\/index.php?rest_route=\/wp\/v2\/pages\/24","targetHints":{"allow":["GET"]}}],"collection":[{"href":"https:\/\/rhv-trumerseen.at\/index.php?rest_route=\/wp\/v2\/pages"}],"about":[{"href":"https:\/\/rhv-trumerseen.at\/index.php?rest_route=\/wp\/v2\/types\/page"}],"author":[{"embeddable":true,"href":"https:\/\/rhv-trumerseen.at\/index.php?rest_route=\/wp\/v2\/users\/1"}],"replies":[{"embeddable":true,"href":"https:\/\/rhv-trumerseen.at\/index.php?rest_route=%2Fwp%2Fv2%2Fcomments&post=24"}],"version-history":[{"count":15,"href":"https:\/\/rhv-trumerseen.at\/index.php?rest_route=\/wp\/v2\/pages\/24\/revisions"}],"predecessor-version":[{"id":1053,"href":"https:\/\/rhv-trumerseen.at\/index.php?rest_route=\/wp\/v2\/pages\/24\/revisions\/1053"}],"wp:attachment":[{"href":"https:\/\/rhv-trumerseen.at\/index.php?rest_route=%2Fwp%2Fv2%2Fmedia&parent=24"}],"curies":[{"name":"wp","href":"https:\/\/api.w.org\/{rel}","templated":true}]}}