{"id":70,"date":"2017-09-04T15:54:19","date_gmt":"2017-09-04T13:54:19","guid":{"rendered":"http:\/\/rhv-trumerseen.at\/?page_id=70"},"modified":"2022-05-04T12:29:39","modified_gmt":"2022-05-04T10:29:39","slug":"indirekteinleiter-2","status":"publish","type":"page","link":"https:\/\/rhv-trumerseen.at\/?page_id=70","title":{"rendered":"Indirekteinleiter"},"content":{"rendered":"<p><a href=\"https:\/\/rhv-trumerseen.at\/wp-content\/uploads\/2022\/05\/Antrag-Fettabscheiderbetriebe.pdf\" target=\"_blank\" rel=\"noopener\">Antrag fetthaltige Abw\u00e4sser<\/a><\/p>\n<p><a href=\"https:\/\/rhv-trumerseen.at\/wp-content\/uploads\/2022\/05\/Antrag-betriebliche-Abw\u00e4sser-M\u00e4rz-99.pdf\" target=\"_blank\" rel=\"noopener\">Antrag betriebliche Abw\u00e4sser<\/a><\/p>\n<p><a href=\"https:\/\/rhv-trumerseen.at\/wp-content\/uploads\/2022\/05\/Gesch\u00e4ftsbedingungen-RHV-M\u00e4rz-99.pdf\" target=\"_blank\" rel=\"noopener\">Gesch\u00e4ftsbedingungen<\/a><\/p>\n<p><a href=\"https:\/\/rhv-trumerseen.at\/wp-content\/uploads\/2022\/05\/BEILAGE-A.pdf\" target=\"_blank\" rel=\"noopener\">Beilage A<\/a><\/p>\n<p><a href=\"https:\/\/rhv-trumerseen.at\/wp-content\/uploads\/2022\/05\/BEILAGE-B.pdf\" target=\"_blank\" rel=\"noopener\">Beilage B<\/a><\/p>\n","protected":false},"excerpt":{"rendered":"<p>Antrag fetthaltige Abw\u00e4sser Antrag betriebliche Abw\u00e4sser Gesch\u00e4ftsbedingungen Beilage A Beilage B<\/p>\n","protected":false},"author":1,"featured_media":0,"parent":0,"menu_order":7,"comment_status":"closed","ping_status":"closed","template":"","meta":{"footnotes":""},"class_list":["post-70","page","type-page","status-publish","hentry"],"_links":{"self":[{"href":"https:\/\/rhv-trumerseen.at\/index.php?rest_route=\/wp\/v2\/pages\/70","targetHints":{"allow":["GET"]}}],"collection":[{"href":"https:\/\/rhv-trumerseen.at\/index.php?rest_route=\/wp\/v2\/pages"}],"about":[{"href":"https:\/\/rhv-trumerseen.at\/index.php?rest_route=\/wp\/v2\/types\/page"}],"author":[{"embeddable":true,"href":"https:\/\/rhv-trumerseen.at\/index.php?rest_route=\/wp\/v2\/users\/1"}],"replies":[{"embeddable":true,"href":"https:\/\/rhv-trumerseen.at\/index.php?rest_route=%2Fwp%2Fv2%2Fcomments&post=70"}],"version-history":[{"count":15,"href":"https:\/\/rhv-trumerseen.at\/index.php?rest_route=\/wp\/v2\/pages\/70\/revisions"}],"predecessor-version":[{"id":846,"href":"https:\/\/rhv-trumerseen.at\/index.php?rest_route=\/wp\/v2\/pages\/70\/revisions\/846"}],"wp:attachment":[{"href":"https:\/\/rhv-trumerseen.at\/index.php?rest_route=%2Fwp%2Fv2%2Fmedia&parent=70"}],"curies":[{"name":"wp","href":"https:\/\/api.w.org\/{rel}","templated":true}]}}