{"id":93,"date":"2017-09-04T16:13:07","date_gmt":"2017-09-04T14:13:07","guid":{"rendered":"http:\/\/rhv-trumerseen.at\/?page_id=93"},"modified":"2024-02-08T11:21:01","modified_gmt":"2024-02-08T10:21:01","slug":"hauskanalanschluss","status":"publish","type":"page","link":"https:\/\/rhv-trumerseen.at\/?page_id=93","title":{"rendered":"Hauskanalanschluss"},"content":{"rendered":"<ul>\n<li><a href=\"https:\/\/rhv-trumerseen.at\/wp-content\/uploads\/2017\/09\/Ansuchen-um-Zustimmung-Einfach-2020-1.pdf\" target=\"_blank\" rel=\"noopener\">Ansuchen um Zustimmung zum HAS<\/a><\/li>\n<li><a href=\"https:\/\/rhv-trumerseen.at\/wp-content\/uploads\/2022\/03\/Beiblatt-f\u00fcr-die-Herstellung-von-Hausanschlusskan\u00e4len-2020.pdf\">Beiblatt f\u00fcr die Herstellung von Hausanschlusskan\u00e4len &#8211; 2020<\/a><\/li>\n<li><a href=\"https:\/\/rhv-trumerseen.at\/wp-content\/uploads\/2017\/09\/Kanalordnung-2020-1.pdf\" target=\"_blank\" rel=\"noopener\">Kanalordnung<\/a><\/li>\n<li><a href=\"https:\/\/rhv-trumerseen.at\/wp-content\/uploads\/2020\/10\/Kanalschnitt-3.pdf\" target=\"_blank\" rel=\"noopener\">Skizze R\u00fcckstauebene<\/a><\/li>\n<li><a href=\"https:\/\/rhv-trumerseen.at\/wp-content\/uploads\/2022\/03\/Druckpr\u00fcfung-Hausanschluss.pdf\" target=\"_blank\" rel=\"noopener\">Druckpr\u00fcfung Hausanschluss\u00a0<\/a><\/li>\n<li><a href=\"https:\/\/rhv-trumerseen.at\/wp-content\/uploads\/2024\/02\/23_27_koe_Einbauten_Zusammenfassung_Vers_7.pdf\" target=\"_blank\" rel=\"noopener\">Ma\u00dfnahmen zum Schutz von Kanalisationsanlagen bei Bauarbeiten<\/a><\/li>\n<\/ul>\n","protected":false},"excerpt":{"rendered":"<p>Ansuchen um Zustimmung zum HAS Beiblatt f\u00fcr die Herstellung von Hausanschlusskan\u00e4len &#8211; 2020 Kanalordnung Skizze R\u00fcckstauebene Druckpr\u00fcfung Hausanschluss\u00a0 Ma\u00dfnahmen zum Schutz von Kanalisationsanlagen bei Bauarbeiten<\/p>\n","protected":false},"author":1,"featured_media":0,"parent":0,"menu_order":8,"comment_status":"closed","ping_status":"closed","template":"","meta":{"footnotes":""},"class_list":["post-93","page","type-page","status-publish","hentry"],"_links":{"self":[{"href":"https:\/\/rhv-trumerseen.at\/index.php?rest_route=\/wp\/v2\/pages\/93","targetHints":{"allow":["GET"]}}],"collection":[{"href":"https:\/\/rhv-trumerseen.at\/index.php?rest_route=\/wp\/v2\/pages"}],"about":[{"href":"https:\/\/rhv-trumerseen.at\/index.php?rest_route=\/wp\/v2\/types\/page"}],"author":[{"embeddable":true,"href":"https:\/\/rhv-trumerseen.at\/index.php?rest_route=\/wp\/v2\/users\/1"}],"replies":[{"embeddable":true,"href":"https:\/\/rhv-trumerseen.at\/index.php?rest_route=%2Fwp%2Fv2%2Fcomments&post=93"}],"version-history":[{"count":32,"href":"https:\/\/rhv-trumerseen.at\/index.php?rest_route=\/wp\/v2\/pages\/93\/revisions"}],"predecessor-version":[{"id":911,"href":"https:\/\/rhv-trumerseen.at\/index.php?rest_route=\/wp\/v2\/pages\/93\/revisions\/911"}],"wp:attachment":[{"href":"https:\/\/rhv-trumerseen.at\/index.php?rest_route=%2Fwp%2Fv2%2Fmedia&parent=93"}],"curies":[{"name":"wp","href":"https:\/\/api.w.org\/{rel}","templated":true}]}}